{"id":35,"date":"2016-11-29T01:21:42","date_gmt":"2016-11-29T01:21:42","guid":{"rendered":"https:\/\/oceanwp.org\/stylish\/?page_id=35"},"modified":"2025-03-29T13:46:53","modified_gmt":"2025-03-29T12:46:53","slug":"about","status":"publish","type":"page","link":"https:\/\/massagescorpsetame.fr\/index.php\/about\/","title":{"rendered":"Portrait"},"content":{"rendered":"\t\t<div data-elementor-type=\"wp-post\" data-elementor-id=\"35\" class=\"elementor elementor-35\">\n\t\t\t\t<div class=\"elementor-element elementor-element-8edf866 e-flex e-con-boxed wpr-particle-no wpr-jarallax-no wpr-parallax-no wpr-sticky-section-no e-con e-parent\" data-id=\"8edf866\" data-element_type=\"container\">\n\t\t\t\t\t<div class=\"e-con-inner\">\n\t\t\t\t<div class=\"elementor-element elementor-element-10a613b elementor-widget-divider--view-line elementor-widget elementor-widget-divider\" data-id=\"10a613b\" data-element_type=\"widget\" data-widget_type=\"divider.default\">\n\t\t\t\t<div class=\"elementor-widget-container\">\n\t\t\t\t\t\t\t<div class=\"elementor-divider\">\n\t\t\t<span class=\"elementor-divider-separator\">\n\t\t\t\t\t\t<\/span>\n\t\t<\/div>\n\t\t\t\t\t\t<\/div>\n\t\t\t\t<\/div>\n\t\t\t\t\t<\/div>\n\t\t\t\t<\/div>\n\t\t<div class=\"elementor-element elementor-element-a5a32b7 e-flex e-con-boxed wpr-particle-no wpr-jarallax-no wpr-parallax-no wpr-sticky-section-no e-con e-parent\" data-id=\"a5a32b7\" data-element_type=\"container\">\n\t\t\t\t\t<div class=\"e-con-inner\">\n\t\t<div class=\"elementor-element elementor-element-6ac1fc7 e-con-full e-flex wpr-particle-no wpr-jarallax-no wpr-parallax-no wpr-sticky-section-no e-con e-child\" data-id=\"6ac1fc7\" data-element_type=\"container\">\n\t\t\t\t<div class=\"elementor-element elementor-element-692a523 elementor-widget elementor-widget-image\" data-id=\"692a523\" data-element_type=\"widget\" data-widget_type=\"image.default\">\n\t\t\t\t<div class=\"elementor-widget-container\">\n\t\t\t\t\t\t\t\t\t\t\t\t\t\t\t<img decoding=\"async\" src=\"https:\/\/massagescorpsetame.fr\/wp-content\/uploads\/2025\/01\/IMG_2768-scaled.jpg\" title=\"IMG_2768\" alt=\"IMG_2768\" loading=\"lazy\" \/>\t\t\t\t\t\t\t\t\t\t\t\t\t\t\t<\/div>\n\t\t\t\t<\/div>\n\t\t\t\t<div class=\"elementor-element elementor-element-9ab035a elementor-widget elementor-widget-text-editor\" data-id=\"9ab035a\" data-element_type=\"widget\" data-widget_type=\"text-editor.default\">\n\t\t\t\t<div class=\"elementor-widget-container\">\n\t\t\t\t\t\t\t\t\t<p>Cr\u00e9dit photo : <a href=\"https:\/\/www.instagram.com\/calame_lea\/\">L\u00e9a Calame<\/a><\/p>\t\t\t\t\t\t\t\t<\/div>\n\t\t\t\t<\/div>\n\t\t\t\t<\/div>\n\t\t<div class=\"elementor-element elementor-element-159a486 e-con-full e-flex wpr-particle-no wpr-jarallax-no wpr-parallax-no wpr-sticky-section-no e-con e-child\" data-id=\"159a486\" data-element_type=\"container\">\n\t\t\t\t<div class=\"elementor-element elementor-element-fa2d7c7 elementor-widget elementor-widget-heading\" data-id=\"fa2d7c7\" data-element_type=\"widget\" data-widget_type=\"heading.default\">\n\t\t\t\t<div class=\"elementor-widget-container\">\n\t\t\t\t\t<h1 class=\"elementor-heading-title elementor-size-default\">Le Corps et l'\u00e2me<\/h1>\t\t\t\t<\/div>\n\t\t\t\t<\/div>\n\t\t\t\t<div class=\"elementor-element elementor-element-aae353e elementor-widget elementor-widget-text-editor\" data-id=\"aae353e\" data-element_type=\"widget\" data-widget_type=\"text-editor.default\">\n\t\t\t\t<div class=\"elementor-widget-container\">\n\t\t\t\t\t\t\t\t\t<p>Je suis une femme profond\u00e9ment amoureuse de la vie, de l\u2019humain. J&rsquo;aime la nature, la danse, la musique. Je suis intuitive, curieuse et je n\u2019aime pas le banal. Mon parcours professionnel atypique en t\u00e9moigne.<\/p><p>Notre vie est faite de rencontres et certaines sont bouleversantes et r\u00e9v\u00e9latrices.<\/p><p>En 2015, je suis form\u00e9e au \u00ab\u00a0Toucher Conscient et Massage de Pleine Attention\u00a0\u00bb par Fran\u00e7oise Weber (FW.FAC &#8211; Besan\u00e7on). Deux ann\u00e9es durant lesquelles j&rsquo;apprend comment une main habit\u00e9e peut r\u00e9\u00e9quilibrer un corps et apaiser l\u2019esprit.<\/p><p>En 2022, en questionnement sur qui je suis, une autre personne va m\u2019aider \u00e0 accepter la femme qui vit en moi, je comprends que la r\u00e9alit\u00e9 que je vis n\u2019est autre que la mienne. Depuis je me r\u00e9ajuste pour \u00eatre au plus pr\u00e8s de ce qui me procure joie, plaisir et satisfaction : prendre soin de l\u2019humain dans sa globalit\u00e9, corps et \u00e2me.<\/p><p>Aujourd\u2019hui, j\u2019ai choisi de vous accueillir chez moi, dans un lieu qui me ressemble, un espace calme, chaleureux pour pouvoir vous offrir\u00a0 le meilleur de moi m\u00eame.<\/p><p>Je vous propose des soins en massage et en coiffure avec \u00e0 chaque fois un Toucher Conscient et une Pleine Attention.<\/p>\t\t\t\t\t\t\t\t<\/div>\n\t\t\t\t<\/div>\n\t\t\t\t<\/div>\n\t\t\t\t\t<\/div>\n\t\t\t\t<\/div>\n\t\t<div class=\"elementor-element elementor-element-c826f1f e-flex e-con-boxed wpr-particle-no wpr-jarallax-no wpr-parallax-no wpr-sticky-section-no e-con e-parent\" data-id=\"c826f1f\" data-element_type=\"container\">\n\t\t\t\t\t<div class=\"e-con-inner\">\n\t\t\t\t<div class=\"elementor-element elementor-element-38c0854 elementor-widget-divider--view-line elementor-widget elementor-widget-divider\" data-id=\"38c0854\" data-element_type=\"widget\" data-widget_type=\"divider.default\">\n\t\t\t\t<div class=\"elementor-widget-container\">\n\t\t\t\t\t\t\t<div class=\"elementor-divider\">\n\t\t\t<span class=\"elementor-divider-separator\">\n\t\t\t\t\t\t<\/span>\n\t\t<\/div>\n\t\t\t\t\t\t<\/div>\n\t\t\t\t<\/div>\n\t\t\t\t\t<\/div>\n\t\t\t\t<\/div>\n\t\t\t\t<\/div>\n\t\t","protected":false},"excerpt":{"rendered":"<p>Cr\u00e9dit photo : L\u00e9a Calame Le Corps et l&rsquo;\u00e2me Je suis une femme profond\u00e9ment amoureuse de la vie, de l\u2019humain. J&rsquo;aime la nature, la danse, la musique. Je suis intuitive, curieuse et je n\u2019aime pas le banal. Mon parcours professionnel atypique en t\u00e9moigne. Notre vie est faite de rencontres et certaines sont bouleversantes et r\u00e9v\u00e9latrices. En 2015, je suis form\u00e9e au \u00ab\u00a0Toucher Conscient et Massage de Pleine Attention\u00a0\u00bb par Fran\u00e7oise Weber (FW.FAC &#8211; Besan\u00e7on). Deux ann\u00e9es durant lesquelles j&rsquo;apprend comment une main habit\u00e9e peut r\u00e9\u00e9quilibrer un corps et apaiser l\u2019esprit. En 2022, en questionnement sur qui je suis, une autre personne va m\u2019aider \u00e0 accepter la femme qui vit en moi, je comprends que la r\u00e9alit\u00e9 que je vis n\u2019est autre que la mienne. Depuis je me r\u00e9ajuste pour \u00eatre au plus pr\u00e8s de ce qui me procure joie, plaisir et satisfaction : prendre soin de l\u2019humain dans sa globalit\u00e9, corps et \u00e2me. Aujourd\u2019hui, j\u2019ai choisi de vous accueillir chez moi, dans un lieu qui me ressemble, un espace calme, chaleureux pour pouvoir vous offrir\u00a0 le meilleur de moi m\u00eame. Je vous propose des soins en massage et en coiffure avec \u00e0 chaque fois un Toucher Conscient et une Pleine Attention.<\/p>\n","protected":false},"author":1,"featured_media":0,"parent":0,"menu_order":0,"comment_status":"closed","ping_status":"closed","template":"","meta":{"ocean_post_layout":"","ocean_both_sidebars_style":"","ocean_both_sidebars_content_width":0,"ocean_both_sidebars_sidebars_width":0,"ocean_sidebar":"","ocean_second_sidebar":"","ocean_disable_margins":"enable","ocean_add_body_class":"","ocean_shortcode_before_top_bar":"","ocean_shortcode_after_top_bar":"","ocean_shortcode_before_header":"","ocean_shortcode_after_header":"","ocean_has_shortcode":"","ocean_shortcode_after_title":"","ocean_shortcode_before_footer_widgets":"","ocean_shortcode_after_footer_widgets":"","ocean_shortcode_before_footer_bottom":"","ocean_shortcode_after_footer_bottom":"","ocean_display_top_bar":"default","ocean_display_header":"default","ocean_header_style":"","ocean_center_header_left_menu":"","ocean_custom_header_template":"","ocean_custom_logo":0,"ocean_custom_retina_logo":0,"ocean_custom_logo_max_width":0,"ocean_custom_logo_tablet_max_width":0,"ocean_custom_logo_mobile_max_width":0,"ocean_custom_logo_max_height":0,"ocean_custom_logo_tablet_max_height":0,"ocean_custom_logo_mobile_max_height":0,"ocean_header_custom_menu":"","ocean_menu_typo_font_family":"","ocean_menu_typo_font_subset":"","ocean_menu_typo_font_size":0,"ocean_menu_typo_font_size_tablet":0,"ocean_menu_typo_font_size_mobile":0,"ocean_menu_typo_font_size_unit":"px","ocean_menu_typo_font_weight":"","ocean_menu_typo_font_weight_tablet":"","ocean_menu_typo_font_weight_mobile":"","ocean_menu_typo_transform":"","ocean_menu_typo_transform_tablet":"","ocean_menu_typo_transform_mobile":"","ocean_menu_typo_line_height":0,"ocean_menu_typo_line_height_tablet":0,"ocean_menu_typo_line_height_mobile":0,"ocean_menu_typo_line_height_unit":"","ocean_menu_typo_spacing":0,"ocean_menu_typo_spacing_tablet":0,"ocean_menu_typo_spacing_mobile":0,"ocean_menu_typo_spacing_unit":"","ocean_menu_link_color":"","ocean_menu_link_color_hover":"","ocean_menu_link_color_active":"","ocean_menu_link_background":"","ocean_menu_link_hover_background":"","ocean_menu_link_active_background":"","ocean_menu_social_links_bg":"","ocean_menu_social_hover_links_bg":"","ocean_menu_social_links_color":"","ocean_menu_social_hover_links_color":"","ocean_disable_title":"default","ocean_disable_heading":"default","ocean_post_title":"","ocean_post_subheading":"","ocean_post_title_style":"","ocean_post_title_background_color":"","ocean_post_title_background":0,"ocean_post_title_bg_image_position":"","ocean_post_title_bg_image_attachment":"","ocean_post_title_bg_image_repeat":"","ocean_post_title_bg_image_size":"","ocean_post_title_height":0,"ocean_post_title_bg_overlay":0.5,"ocean_post_title_bg_overlay_color":"","ocean_disable_breadcrumbs":"default","ocean_breadcrumbs_color":"","ocean_breadcrumbs_separator_color":"","ocean_breadcrumbs_links_color":"","ocean_breadcrumbs_links_hover_color":"","ocean_display_footer_widgets":"default","ocean_display_footer_bottom":"default","ocean_custom_footer_template":"","footnotes":""},"class_list":["post-35","page","type-page","status-publish","hentry","entry"],"_links":{"self":[{"href":"https:\/\/massagescorpsetame.fr\/index.php\/wp-json\/wp\/v2\/pages\/35","targetHints":{"allow":["GET"]}}],"collection":[{"href":"https:\/\/massagescorpsetame.fr\/index.php\/wp-json\/wp\/v2\/pages"}],"about":[{"href":"https:\/\/massagescorpsetame.fr\/index.php\/wp-json\/wp\/v2\/types\/page"}],"author":[{"embeddable":true,"href":"https:\/\/massagescorpsetame.fr\/index.php\/wp-json\/wp\/v2\/users\/1"}],"replies":[{"embeddable":true,"href":"https:\/\/massagescorpsetame.fr\/index.php\/wp-json\/wp\/v2\/comments?post=35"}],"version-history":[{"count":71,"href":"https:\/\/massagescorpsetame.fr\/index.php\/wp-json\/wp\/v2\/pages\/35\/revisions"}],"predecessor-version":[{"id":1746,"href":"https:\/\/massagescorpsetame.fr\/index.php\/wp-json\/wp\/v2\/pages\/35\/revisions\/1746"}],"wp:attachment":[{"href":"https:\/\/massagescorpsetame.fr\/index.php\/wp-json\/wp\/v2\/media?parent=35"}],"curies":[{"name":"wp","href":"https:\/\/api.w.org\/{rel}","templated":true}]}}