{"id":339,"date":"2022-09-20T10:53:05","date_gmt":"2022-09-20T10:53:05","guid":{"rendered":"https:\/\/massagescorpsetame.fr\/?page_id=339"},"modified":"2025-02-25T12:18:06","modified_gmt":"2025-02-25T11:18:06","slug":"massage-enfant-adolescent","status":"publish","type":"page","link":"https:\/\/massagescorpsetame.fr\/index.php\/massage-enfant-adolescent\/","title":{"rendered":"Massage enfant \/ adolescent"},"content":{"rendered":"\t\t<div data-elementor-type=\"wp-page\" data-elementor-id=\"339\" class=\"elementor elementor-339\">\n\t\t\t\t<div class=\"elementor-element elementor-element-50df5da3 e-flex e-con-boxed wpr-particle-no wpr-jarallax-no wpr-parallax-no wpr-sticky-section-no e-con e-parent\" data-id=\"50df5da3\" data-element_type=\"container\">\n\t\t\t\t\t<div class=\"e-con-inner\">\n\t\t<div class=\"elementor-element elementor-element-95155be e-con-full e-flex wpr-particle-no wpr-jarallax-no wpr-parallax-no wpr-sticky-section-no e-con e-child\" data-id=\"95155be\" data-element_type=\"container\">\n\t\t<div class=\"elementor-element elementor-element-157cd59 e-con-full e-flex wpr-particle-no wpr-jarallax-no wpr-parallax-no wpr-sticky-section-no e-con e-child\" data-id=\"157cd59\" data-element_type=\"container\">\n\t\t\t\t<div class=\"elementor-element elementor-element-f4ddad4 elementor-widget elementor-widget-image\" data-id=\"f4ddad4\" data-element_type=\"widget\" data-widget_type=\"image.default\">\n\t\t\t\t<div class=\"elementor-widget-container\">\n\t\t\t\t\t\t\t\t\t\t\t\t\t\t\t<img fetchpriority=\"high\" decoding=\"async\" width=\"612\" height=\"408\" src=\"https:\/\/massagescorpsetame.fr\/wp-content\/uploads\/2024\/02\/MassageEnfant.jpg\" class=\"attachment-large size-large wp-image-954\" alt=\"\" srcset=\"https:\/\/massagescorpsetame.fr\/wp-content\/uploads\/2024\/02\/MassageEnfant.jpg 612w, https:\/\/massagescorpsetame.fr\/wp-content\/uploads\/2024\/02\/MassageEnfant-300x200.jpg 300w, https:\/\/massagescorpsetame.fr\/wp-content\/uploads\/2024\/02\/MassageEnfant-433x289.jpg 433w\" sizes=\"(max-width: 612px) 100vw, 612px\" \/>\t\t\t\t\t\t\t\t\t\t\t\t\t\t\t<\/div>\n\t\t\t\t<\/div>\n\t\t\t\t<\/div>\n\t\t<div class=\"elementor-element elementor-element-c2c01c3 e-con-full e-flex wpr-particle-no wpr-jarallax-no wpr-parallax-no wpr-sticky-section-no e-con e-child\" data-id=\"c2c01c3\" data-element_type=\"container\">\n\t\t\t\t<div class=\"elementor-element elementor-element-5622965 elementor-widget elementor-widget-heading\" data-id=\"5622965\" data-element_type=\"widget\" data-widget_type=\"heading.default\">\n\t\t\t\t<div class=\"elementor-widget-container\">\n\t\t\t\t\t<h2 class=\"elementor-heading-title elementor-size-default\">Massage enfant<\/h2>\t\t\t\t<\/div>\n\t\t\t\t<\/div>\n\t\t\t\t<div class=\"elementor-element elementor-element-23983bc5 elementor-widget elementor-widget-text-editor\" data-id=\"23983bc5\" data-element_type=\"widget\" data-widget_type=\"text-editor.default\">\n\t\t\t\t<div class=\"elementor-widget-container\">\n\t\t\t\t\t\t\t\t\t<p><strong>Faites d\u00e9couvrir les bienfaits du massage \u00e0 votre enfant !<\/strong><\/p>\n<p>Un soin adapt\u00e9 \u00e0 l&rsquo;enfant, le massage se fera uniquement sur la face post\u00e9rieure avec des mouvements enveloppants, doux et de l\u00e9g\u00e8res pressions.<\/p>\n<p>30 minutes de calme permettront une relaxation compl\u00e8te sans solliciter trop longtemps son attention. Ce massage bien-\u00eatre apportera \u00e0 l&rsquo;enfant d\u00e9tente, am\u00e9lioration du sommeil, meilleure concentration et une prise de conscience des limites de son corps, donc une meilleure repr\u00e9sentation du sch\u00e9ma corporel.<\/p>\n<p>C&rsquo;est dans un univers diff\u00e9rent de son quotidien que votre enfant canalisera ses \u00e9motions et se relaxera.<\/p>\n<p><strong>Pr\u00e9sence d&rsquo;un parent obligatoire<\/strong><\/p>\n<p><strong>Dur\u00e9e : 30 minutes \/ 30\u20ac <\/strong><\/p>\t\t\t\t\t\t\t\t<\/div>\n\t\t\t\t<\/div>\n\t\t\t\t<\/div>\n\t\t\t\t<\/div>\n\t\t\t\t\t<\/div>\n\t\t\t\t<\/div>\n\t\t<div class=\"elementor-element elementor-element-5dae59d e-flex e-con-boxed wpr-particle-no wpr-jarallax-no wpr-parallax-no wpr-sticky-section-no e-con e-parent\" data-id=\"5dae59d\" data-element_type=\"container\">\n\t\t\t\t\t<div class=\"e-con-inner\">\n\t\t\t\t<div class=\"elementor-element elementor-element-db94143 elementor-widget-divider--view-line elementor-widget elementor-widget-divider\" data-id=\"db94143\" data-element_type=\"widget\" data-widget_type=\"divider.default\">\n\t\t\t\t<div class=\"elementor-widget-container\">\n\t\t\t\t\t\t\t<div class=\"elementor-divider\">\n\t\t\t<span class=\"elementor-divider-separator\">\n\t\t\t\t\t\t<\/span>\n\t\t<\/div>\n\t\t\t\t\t\t<\/div>\n\t\t\t\t<\/div>\n\t\t\t\t<div class=\"elementor-element elementor-element-35dd030 elementor-widget elementor-widget-text-editor\" data-id=\"35dd030\" data-element_type=\"widget\" data-widget_type=\"text-editor.default\">\n\t\t\t\t<div class=\"elementor-widget-container\">\n\t\t\t\t\t\t\t\t\t<p><strong>Offrez \u00e0 votre adolescent un instant d\u00e9tente pour un l\u00e2cher prise total !<\/strong><\/p>\n<p>Le rythme de vie impos\u00e9 aux adolescents est souvent intense. A cela peuvent s&rsquo;ajouter de grands changements physiques, psychologiques et hormonaux: un nouveau corps, de nouvelles \u00e9motions, du stress, des angoisses&#8230;<\/p>\n<p>Le massage est un outil id\u00e9al pour les aider \u00e0 surmonter leurs difficult\u00e9s et leur faire d\u00e9couvrir le sens du toucher bienveillant.<\/p>\n<p><strong>Dur\u00e9e: 30 minutes \/ 30\u20ac<\/strong><\/p>\t\t\t\t\t\t\t\t<\/div>\n\t\t\t\t<\/div>\n\t\t\t\t\t<\/div>\n\t\t\t\t<\/div>\n\t\t\t\t<\/div>\n\t\t","protected":false},"excerpt":{"rendered":"<p>Massage enfant Faites d\u00e9couvrir les bienfaits du massage \u00e0 votre enfant ! Un soin adapt\u00e9 \u00e0 l&rsquo;enfant, le massage se fera uniquement sur la face post\u00e9rieure avec des mouvements enveloppants, doux et de l\u00e9g\u00e8res pressions. 30 minutes de calme permettront une relaxation compl\u00e8te sans solliciter trop longtemps son attention. Ce massage bien-\u00eatre apportera \u00e0 l&rsquo;enfant d\u00e9tente, am\u00e9lioration du sommeil, meilleure concentration et une prise de conscience des limites de son corps, donc une meilleure repr\u00e9sentation du sch\u00e9ma corporel. C&rsquo;est dans un univers diff\u00e9rent de son quotidien que votre enfant canalisera ses \u00e9motions et se relaxera. Pr\u00e9sence d&rsquo;un parent obligatoire Dur\u00e9e : 30 minutes \/ 30\u20ac Offrez \u00e0 votre adolescent un instant d\u00e9tente pour un l\u00e2cher prise total ! Le rythme de vie impos\u00e9 aux adolescents est souvent intense. A cela peuvent s&rsquo;ajouter de grands changements physiques, psychologiques et hormonaux: un nouveau corps, de nouvelles \u00e9motions, du stress, des angoisses&#8230; Le massage est un outil id\u00e9al pour les aider \u00e0 surmonter leurs difficult\u00e9s et leur faire d\u00e9couvrir le sens du toucher bienveillant. Dur\u00e9e: 30 minutes \/ 30\u20ac<\/p>\n","protected":false},"author":2,"featured_media":0,"parent":0,"menu_order":0,"comment_status":"closed","ping_status":"closed","template":"","meta":{"ocean_post_layout":"","ocean_both_sidebars_style":"","ocean_both_sidebars_content_width":0,"ocean_both_sidebars_sidebars_width":0,"ocean_sidebar":"","ocean_second_sidebar":"","ocean_disable_margins":"enable","ocean_add_body_class":"","ocean_shortcode_before_top_bar":"","ocean_shortcode_after_top_bar":"","ocean_shortcode_before_header":"","ocean_shortcode_after_header":"","ocean_has_shortcode":"","ocean_shortcode_after_title":"","ocean_shortcode_before_footer_widgets":"","ocean_shortcode_after_footer_widgets":"","ocean_shortcode_before_footer_bottom":"","ocean_shortcode_after_footer_bottom":"","ocean_display_top_bar":"default","ocean_display_header":"default","ocean_header_style":"","ocean_center_header_left_menu":"","ocean_custom_header_template":"","ocean_custom_logo":0,"ocean_custom_retina_logo":0,"ocean_custom_logo_max_width":0,"ocean_custom_logo_tablet_max_width":0,"ocean_custom_logo_mobile_max_width":0,"ocean_custom_logo_max_height":0,"ocean_custom_logo_tablet_max_height":0,"ocean_custom_logo_mobile_max_height":0,"ocean_header_custom_menu":"","ocean_menu_typo_font_family":"","ocean_menu_typo_font_subset":"","ocean_menu_typo_font_size":0,"ocean_menu_typo_font_size_tablet":0,"ocean_menu_typo_font_size_mobile":0,"ocean_menu_typo_font_size_unit":"px","ocean_menu_typo_font_weight":"","ocean_menu_typo_font_weight_tablet":"","ocean_menu_typo_font_weight_mobile":"","ocean_menu_typo_transform":"","ocean_menu_typo_transform_tablet":"","ocean_menu_typo_transform_mobile":"","ocean_menu_typo_line_height":0,"ocean_menu_typo_line_height_tablet":0,"ocean_menu_typo_line_height_mobile":0,"ocean_menu_typo_line_height_unit":"","ocean_menu_typo_spacing":0,"ocean_menu_typo_spacing_tablet":0,"ocean_menu_typo_spacing_mobile":0,"ocean_menu_typo_spacing_unit":"","ocean_menu_link_color":"","ocean_menu_link_color_hover":"","ocean_menu_link_color_active":"","ocean_menu_link_background":"","ocean_menu_link_hover_background":"","ocean_menu_link_active_background":"","ocean_menu_social_links_bg":"","ocean_menu_social_hover_links_bg":"","ocean_menu_social_links_color":"","ocean_menu_social_hover_links_color":"","ocean_disable_title":"default","ocean_disable_heading":"default","ocean_post_title":"","ocean_post_subheading":"","ocean_post_title_style":"","ocean_post_title_background_color":"","ocean_post_title_background":0,"ocean_post_title_bg_image_position":"","ocean_post_title_bg_image_attachment":"","ocean_post_title_bg_image_repeat":"","ocean_post_title_bg_image_size":"","ocean_post_title_height":0,"ocean_post_title_bg_overlay":0.5,"ocean_post_title_bg_overlay_color":"","ocean_disable_breadcrumbs":"default","ocean_breadcrumbs_color":"","ocean_breadcrumbs_separator_color":"","ocean_breadcrumbs_links_color":"","ocean_breadcrumbs_links_hover_color":"","ocean_display_footer_widgets":"default","ocean_display_footer_bottom":"default","ocean_custom_footer_template":"","footnotes":""},"class_list":["post-339","page","type-page","status-publish","hentry","entry"],"_links":{"self":[{"href":"https:\/\/massagescorpsetame.fr\/index.php\/wp-json\/wp\/v2\/pages\/339","targetHints":{"allow":["GET"]}}],"collection":[{"href":"https:\/\/massagescorpsetame.fr\/index.php\/wp-json\/wp\/v2\/pages"}],"about":[{"href":"https:\/\/massagescorpsetame.fr\/index.php\/wp-json\/wp\/v2\/types\/page"}],"author":[{"embeddable":true,"href":"https:\/\/massagescorpsetame.fr\/index.php\/wp-json\/wp\/v2\/users\/2"}],"replies":[{"embeddable":true,"href":"https:\/\/massagescorpsetame.fr\/index.php\/wp-json\/wp\/v2\/comments?post=339"}],"version-history":[{"count":3,"href":"https:\/\/massagescorpsetame.fr\/index.php\/wp-json\/wp\/v2\/pages\/339\/revisions"}],"predecessor-version":[{"id":1707,"href":"https:\/\/massagescorpsetame.fr\/index.php\/wp-json\/wp\/v2\/pages\/339\/revisions\/1707"}],"wp:attachment":[{"href":"https:\/\/massagescorpsetame.fr\/index.php\/wp-json\/wp\/v2\/media?parent=339"}],"curies":[{"name":"wp","href":"https:\/\/api.w.org\/{rel}","templated":true}]}}